{"id":10,"date":"2023-07-03T08:11:56","date_gmt":"2023-07-03T08:11:56","guid":{"rendered":"https:\/\/www.schoenes-leben.org\/magazin\/?page_id=10"},"modified":"2026-04-20T08:48:33","modified_gmt":"2026-04-20T08:48:33","slug":"landingpage","status":"publish","type":"page","link":"https:\/\/www.schoenes-leben.org\/magazin\/","title":{"rendered":"Sch\u00f6nes Leben Magazin"},"content":{"rendered":"<p>[et_pb_section fb_built=&#8220;1&#8243; admin_label=&#8220;Post Slider&#8220; _builder_version=&#8220;4.21.0&#8243; _module_preset=&#8220;default&#8220; custom_margin_tablet=&#8220;&#8220; custom_margin_phone=&#8220;-50px||||false|false&#8220; custom_margin_last_edited=&#8220;on|phone&#8220; custom_padding=&#8220;10px||||false|false&#8220; collapsed=&#8220;on&#8220; global_colors_info=&#8220;{}&#8220;][et_pb_row _builder_version=&#8220;4.27.5&#8243; _module_preset=&#8220;default&#8220; width=&#8220;91%&#8220; max_width=&#8220;1771px&#8220; custom_margin=&#8220;||0px||false|false&#8220; global_colors_info=&#8220;{}&#8220;][et_pb_column type=&#8220;4_4&#8243; _builder_version=&#8220;4.22.2&#8243; _module_preset=&#8220;default&#8220; global_colors_info=&#8220;{}&#8220;][et_pb_blog_extras posts_number=&#8220;1&#8243; include_categories=&#8220;7,12,8,10,9,11&#8243; include_posts=&#8220;241341&#8243; featured_image_size=&#8220;full&#8220; excerpt_length=&#8220;170&#8243; use_read_more_button=&#8220;on&#8220; read_more_text=&#8220;JETZT LESEN&#8220; show_date=&#8220;off&#8220; show_categories=&#8220;off&#8220; show_comments=&#8220;off&#8220; show_read_time=&#8220;on&#8220; read_time_text=&#8220;Minuten Lesezeit&#8220; _builder_version=&#8220;4.27.5&#8243; _module_preset=&#8220;default&#8220; header_level=&#8220;h1&#8243; header_font=&#8220;||||||||&#8220; header_text_align=&#8220;center&#8220; header_text_color=&#8220;#B99764&#8243; header_font_size=&#8220;84px&#8220; header_line_height=&#8220;1.1em&#8220; body_font=&#8220;||||||||&#8220; body_text_align=&#8220;center&#8220; body_text_color=&#8220;#000000&#8243; meta_text_align=&#8220;center&#8220; meta_text_color=&#8220;#B99764&#8243; background_color=&#8220;#f9f7f6&#8243; custom_read_more=&#8220;on&#8220; read_more_text_color=&#8220;#F9F7F6&#8243; read_more_bg_color=&#8220;#B99764&#8243; read_more_border_width=&#8220;4px&#8220; read_more_border_color=&#8220;#B99764&#8243; read_more_border_radius=&#8220;0px&#8220; read_more_font=&#8220;Flietext||||||||&#8220; read_more_alignment=&#8220;center&#8220; read_more_custom_margin=&#8220;60px||||false|false&#8220; module_alignment=&#8220;center&#8220; custom_padding=&#8220;||||false|false&#8220; header_font_size_tablet=&#8220;76px&#8220; header_font_size_phone=&#8220;40px&#8220; header_font_size_last_edited=&#8220;on|phone&#8220; global_colors_info=&#8220;{}&#8220;][\/et_pb_blog_extras][\/et_pb_column][\/et_pb_row][et_pb_row column_structure=&#8220;1_4,1_2,1_4&#8243; use_custom_gutter=&#8220;on&#8220; gutter_width=&#8220;1&#8243; make_equal=&#8220;on&#8220; _builder_version=&#8220;4.22.2&#8243; _module_preset=&#8220;default&#8220; width=&#8220;91%&#8220; width_tablet=&#8220;91%&#8220; width_phone=&#8220;91%&#8220; width_last_edited=&#8220;on|phone&#8220; max_width=&#8220;1771px&#8220; custom_padding=&#8220;36px||12px|||&#8220; global_colors_info=&#8220;{}&#8220;][et_pb_column type=&#8220;1_4&#8243; _builder_version=&#8220;4.22.2&#8243; _module_preset=&#8220;default&#8220; custom_padding=&#8220;|20px|||false|false&#8220; custom_padding_tablet=&#8220;|20px|||false|false&#8220; custom_padding_phone=&#8220;|0px|||false|false&#8220; custom_padding_last_edited=&#8220;on|phone&#8220; border_width_right=&#8220;1px&#8220; border_color_right=&#8220;#B99764&#8243; border_width_right_tablet=&#8220;1px&#8220; border_width_right_phone=&#8220;0px&#8220; border_width_right_last_edited=&#8220;on|phone&#8220; global_colors_info=&#8220;{}&#8220;][et_pb_text _builder_version=&#8220;4.21.2&#8243; _module_preset=&#8220;default&#8220; text_font=&#8220;Ueberschrift||||||||&#8220; text_text_color=&#8220;#B99764&#8243; text_font_size=&#8220;73px&#8220; header_2_text_color=&#8220;#B99764&#8243; header_2_font_size=&#8220;61px&#8220; custom_margin=&#8220;||34px||false|false&#8220; custom_margin_tablet=&#8220;||30px||false|false&#8220; custom_margin_phone=&#8220;30px||40px||false|false&#8220; custom_margin_last_edited=&#8220;on|phone&#8220; text_font_size_tablet=&#8220;73px&#8220; text_font_size_phone=&#8220;47px&#8220; text_font_size_last_edited=&#8220;on|phone&#8220; header_2_font_size_tablet=&#8220;61px&#8220; header_2_font_size_phone=&#8220;45px&#8220; header_2_font_size_last_edited=&#8220;on|phone&#8220; global_colors_info=&#8220;{}&#8220;]<\/p>\n<h2>Aktuell<\/h2>\n<p>[\/et_pb_text][et_pb_blog_extras posts_number=&#8220;2&#8243; include_categories=&#8220;11,9,12,7,8&#8243; exclude_posts=&#8220;241300, 241341&#8243; featured_image_size=&#8220;full&#8220; excerpt_length=&#8220;0&#8243; read_more_text=&#8220;jetzt lesen&#8220; show_date=&#8220;off&#8220; show_categories=&#8220;off&#8220; show_comments=&#8220;off&#8220; show_read_time=&#8220;on&#8220; read_time_text=&#8220;Minuten Lesezeit&#8220; disabled_on=&#8220;off|off|off&#8220; _builder_version=&#8220;4.27.5&#8243; _module_preset=&#8220;default&#8220; header_level=&#8220;h4&#8243; header_font=&#8220;||||||||&#8220; header_font_size=&#8220;21px&#8220; header_line_height=&#8220;1.3em&#8220; body_font=&#8220;Flietext||||||||&#8220; body_text_color=&#8220;#000000&#8243; body_line_height=&#8220;1.5em&#8220; meta_text_color=&#8220;#B99764&#8243; meta_line_height=&#8220;1em&#8220; read_more_alignment=&#8220;left&#8220; custom_margin=&#8220;-18px||31px||false|false&#8220; custom_padding=&#8220;||||false|false&#8220; global_colors_info=&#8220;{}&#8220;][\/et_pb_blog_extras][\/et_pb_column][et_pb_column type=&#8220;1_2&#8243; _builder_version=&#8220;4.21.0&#8243; _module_preset=&#8220;default&#8220; custom_padding=&#8220;|20px||20px|false|false&#8220; custom_padding_tablet=&#8220;|20px||20px|false|false&#8220; custom_padding_phone=&#8220;|0px||0px|false|false&#8220; custom_padding_last_edited=&#8220;on|phone&#8220; border_width_right=&#8220;1px&#8220; border_color_right=&#8220;#B99764&#8243; border_width_right_tablet=&#8220;1px&#8220; border_width_right_phone=&#8220;0px&#8220; border_width_right_last_edited=&#8220;on|phone&#8220; global_colors_info=&#8220;{}&#8220;][et_pb_text _builder_version=&#8220;4.27.4&#8243; _module_preset=&#8220;default&#8220; text_font=&#8220;Ueberschrift||||||||&#8220; text_text_color=&#8220;#B99764&#8243; text_font_size=&#8220;73px&#8220; header_2_text_color=&#8220;#B99764&#8243; header_2_font_size=&#8220;61px&#8220; custom_margin=&#8220;||16px||false|false&#8220; custom_margin_tablet=&#8220;||30px||false|false&#8220; custom_margin_phone=&#8220;30px||40px||false|false&#8220; custom_margin_last_edited=&#8220;on|phone&#8220; text_font_size_tablet=&#8220;73px&#8220; text_font_size_phone=&#8220;47px&#8220; text_font_size_last_edited=&#8220;on|phone&#8220; header_2_font_size_tablet=&#8220;61px&#8220; header_2_font_size_phone=&#8220;45px&#8220; header_2_font_size_last_edited=&#8220;on|phone&#8220; global_colors_info=&#8220;{}&#8220;]<\/p>\n<h2>Vitalit\u00e4t<\/h2>\n<p>[\/et_pb_text][et_pb_blog_extras posts_number=&#8220;1&#8243; include_posts=&#8220;241300&#8243; excerpt_length=&#8220;400&#8243; read_more_text=&#8220;jetzt lesen&#8220; show_date=&#8220;off&#8220; show_categories=&#8220;off&#8220; show_comments=&#8220;off&#8220; show_read_time=&#8220;on&#8220; read_time_text=&#8220;Minuten Lesezeit&#8220; disabled_on=&#8220;off|off|off&#8220; _builder_version=&#8220;4.27.5&#8243; _module_preset=&#8220;default&#8220; header_level=&#8220;h4&#8243; header_font=&#8220;|800|||||||&#8220; header_font_size=&#8220;28px&#8220; header_line_height=&#8220;1.2em&#8220; body_font=&#8220;||||||||&#8220; body_text_color=&#8220;#000000&#8243; body_font_size=&#8220;17px&#8220; body_line_height=&#8220;1.5em&#8220; meta_font=&#8220;||||||||&#8220; meta_text_color=&#8220;#B99764&#8243; meta_line_height=&#8220;1em&#8220; background_color=&#8220;RGBA(255,255,255,0)&#8220; hover_enabled=&#8220;0&#8243; global_colors_info=&#8220;{}&#8220; sticky_enabled=&#8220;0&#8243;][\/et_pb_blog_extras][\/et_pb_column][et_pb_column type=&#8220;1_4&#8243; _builder_version=&#8220;4.21.0&#8243; _module_preset=&#8220;default&#8220; custom_padding=&#8220;|||20px|false|false&#8220; custom_padding_tablet=&#8220;|||20px|false|false&#8220; custom_padding_phone=&#8220;|||0px|false|false&#8220; custom_padding_last_edited=&#8220;on|phone&#8220; global_colors_info=&#8220;{}&#8220;][et_pb_text _builder_version=&#8220;4.21.2&#8243; _module_preset=&#8220;default&#8220; text_font=&#8220;Ueberschrift||||||||&#8220; text_text_color=&#8220;#B99764&#8243; text_font_size=&#8220;73px&#8220; header_2_text_color=&#8220;#B99764&#8243; header_2_font_size=&#8220;44px&#8220; custom_margin=&#8220;12px||42px||false|false&#8220; custom_margin_tablet=&#8220;||30px||false|false&#8220; custom_margin_phone=&#8220;30px||40px||false|false&#8220; custom_margin_last_edited=&#8220;on|phone&#8220; text_font_size_tablet=&#8220;73px&#8220; text_font_size_phone=&#8220;47px&#8220; text_font_size_last_edited=&#8220;on|phone&#8220; header_2_font_size_tablet=&#8220;44px&#8220; header_2_font_size_phone=&#8220;45px&#8220; header_2_font_size_last_edited=&#8220;on|phone&#8220; global_colors_info=&#8220;{}&#8220;]<\/p>\n<h2>Beliebte Beitr\u00e4ge<\/h2>\n<p>[\/et_pb_text][et_pb_sidebar area=&#8220;et_pb_widget_area_1&#8243; show_border=&#8220;off&#8220; _builder_version=&#8220;4.27.0&#8243; _module_preset=&#8220;default&#8220; header_font=&#8220;Arial|700|||||||&#8220; header_text_align=&#8220;left&#8220; header_text_color=&#8220;#000000&#8243; header_font_size=&#8220;20px&#8220; header_line_height=&#8220;1.3em&#8220; body_font=&#8220;||||||||&#8220; body_text_color=&#8220;#000000&#8243; body_line_height=&#8220;1.2em&#8220; text_orientation=&#8220;left&#8220; custom_margin=&#8220;-32px||||false|false&#8220; custom_css_main_element=&#8220;font-family: %22Avenir Next LT W05 Light%22;&#8220; custom_css_widget=&#8220;font-family: %22Avenir Next LT W05 Light%22;&#8220; global_colors_info=&#8220;{}&#8220; header_text_color__hover_enabled=&#8220;on|desktop&#8220; header_text_color__hover=&#8220;#B99764&#8243;][\/et_pb_sidebar][\/et_pb_column][\/et_pb_row][et_pb_row disabled_on=&#8220;on|on|on&#8220; _builder_version=&#8220;4.21.0&#8243; _module_preset=&#8220;default&#8220; background_color=&#8220;#FFFFFF&#8220; z_index=&#8220;496&#8243; width=&#8220;91%&#8220; max_width=&#8220;1771px&#8220; custom_margin=&#8220;||||false|false&#8220; disabled=&#8220;on&#8220; global_colors_info=&#8220;{}&#8220;][et_pb_column type=&#8220;4_4&#8243; _builder_version=&#8220;4.20.0&#8243; _module_preset=&#8220;default&#8220; global_colors_info=&#8220;{}&#8220;][et_pb_image src=&#8220;https:\/\/www.schoenes-leben.org\/magazin\/wp-content\/uploads\/2023\/07\/hierjetzt-logo.svg&#8220; title_text=&#8220;hier&#038;jetzt logo&#8220; _builder_version=&#8220;4.21.0&#8243; _module_preset=&#8220;default&#8220; max_width=&#8220;19%&#8220; max_width_tablet=&#8220;44%&#8220; max_width_phone=&#8220;77%&#8220; max_width_last_edited=&#8220;on|phone&#8220; module_alignment=&#8220;left&#8220; custom_margin=&#8220;70px||||false|false&#8220; global_colors_info=&#8220;{}&#8220;][\/et_pb_image][et_pb_text _builder_version=&#8220;4.21.0&#8243; _module_preset=&#8220;default&#8220; text_font=&#8220;Flietext||||||||&#8220; text_text_color=&#8220;#000000&#8243; global_colors_info=&#8220;{}&#8220;]<\/p>\n<p><strong>Lorem ipsum dolor sit amet, consectetuer adipiscing elit.<\/strong><\/p>\n<p>Lorem ipsum dolor sit amet m ipsum dolor sit Lorem ipsum dolor sit amet, consectetuer adipiscing elit, sed diam nonummy nibh euismod tincidunt ut laoreet dolore magna aliquam erat volutpat. Ut wisi enim ad minim veniam, quis nostrud exerci tation ullamcorper suscipit lobortis nisl ut aliquip ex ea commodo consequat. Duis autem vel eum iriure dolor in hendrerit in vulputate velit esse molestie consequat, vel illum dolore eu feugiat nulla facilisis at vero eros et accumsan et iusto odio dignissim qui blandit praesent luptatum zzril delenit augue duis dolore te feugait nulla facilisi. Lorem ipsum dolor sit amet, cons ectetuer adipiscing elit, sed diam nonummy nibh euismod tincidunt ut laoreet dolore magna aliquam erat volutpat. Ut wisi enim ad minim veniam, quis nostrud exerci tation ullamcorper suscipit lobortis nisl ut aliquip ex ea commodo consequat.<\/p>\n<p><strong>Lorem ipsum dolor sit amet, consectetuer adipiscing elit.<\/strong><\/p>\n<p>Lorem ipsum dolor sit amet m ipsum dolor sit Lorem ipsum dolor sit amet, consectetuer adipiscing elit, sed diam nonummy nibh euismod tincidunt ut laoreet dolore magna aliquam erat volutpat. Ut wisi enim ad minim veniam, quis nostrud exerci tation ullamcorper suscipit lobortis nisl ut aliquip ex ea commodo consequat. Duis autem vel eum iriure dolor in hendrerit in vulputate velit esse molestie consequat, vel illum dolore eu feugiat nulla facilisis at vero eros et accumsan et iusto odio dignissim qui blandit praesent luptatum zzril delenit augue duis dolore te feugait nulla facilisi. Lorem ipsum dolor sit amet, cons ectetuer adipiscing elit, sed diam nonummy nibh euismod tincidunt ut laoreet dolore magna aliquam erat volutpat. Ut wisi enim ad minim veniam, quis nostrud exerci tation ullamcorper suscipit lobortis nisl ut aliquip ex ea commodo consequat.<\/p>\n<p><strong>Lorem ipsum dolor sit amet, consectetuer adipiscing elit.<\/strong><\/p>\n<p>Lorem ipsum dolor sit amet m ipsum dolor sit Lorem ipsum dolor sit amet, consectetuer adipiscing elit, sed diam nonummy nibh euismod tincidunt ut laoreet dolore magna aliquam erat volutpat. Ut wisi enim ad minim veniam, quis nostrud exerci tation ullamcorper suscipit lobortis nisl ut aliquip ex ea commodo consequat. Duis autem vel eum iriure dolor in hendrerit in vulputate velit esse molestie consequat, vel illum dolore eu feugiat nulla facilisis at vero eros et accumsan et iusto odio dignissim qui blandit praesent luptatum zzril delenit augue duis dolore te feugait nulla facilisi. Lorem ipsum dolor sit amet, cons ectetuer adipiscing elit, sed diam nonummy nibh euismod tincidunt ut laoreet dolore magna aliquam erat volutpat. Ut wisi enim ad minim veniam, quis nostrud exerci tation ullamcorper suscipit lobortis nisl ut aliquip ex ea commodo consequat.<\/p>\n<p>[\/et_pb_text][\/et_pb_column][\/et_pb_row][\/et_pb_section]<\/p>\n","protected":false},"excerpt":{"rendered":"<p>AktuellVitalit\u00e4tBeliebte Beitr\u00e4geLorem ipsum dolor sit amet, consectetuer adipiscing elit. Lorem ipsum dolor sit amet m ipsum dolor sit Lorem ipsum dolor sit amet, consectetuer adipiscing elit, sed diam nonummy nibh euismod tincidunt ut laoreet dolore magna aliquam erat volutpat. Ut wisi enim ad minim veniam, quis nostrud exerci tation ullamcorper suscipit lobortis nisl ut aliquip [&hellip;]<\/p>\n","protected":false},"author":2,"featured_media":0,"parent":0,"menu_order":0,"comment_status":"closed","ping_status":"closed","template":"","meta":{"_et_pb_use_builder":"on","_et_pb_old_content":"","_et_gb_content_width":"","footnotes":""},"class_list":["post-10","page","type-page","status-publish","hentry"],"yoast_head":"<!-- This site is optimized with the Yoast SEO plugin v27.5 - https:\/\/yoast.com\/product\/yoast-seo-wordpress\/ -->\n<title>hier &amp; jetzt | Das Magazin f\u00fcr mein SCH\u00d6NES LEBEN<\/title>\n<meta name=\"description\" content=\"Inspiration f\u00fcr Genuss, Vitalit\u00e4t &amp; Lebensfreude im besten Alter \u25ba Jetzt das Magazin der SCH\u00d6NES LEBEN Gruppe entdecken!\" \/>\n<meta name=\"robots\" content=\"index, follow, max-snippet:-1, max-image-preview:large, max-video-preview:-1\" \/>\n<link rel=\"canonical\" href=\"https:\/\/www.schoenes-leben.org\/magazin\/\" \/>\n<meta property=\"og:locale\" content=\"de_DE\" \/>\n<meta property=\"og:type\" content=\"article\" \/>\n<meta property=\"og:title\" content=\"hier &amp; jetzt | Das Magazin f\u00fcr mein SCH\u00d6NES LEBEN\" \/>\n<meta property=\"og:description\" content=\"Inspiration f\u00fcr Genuss, Vitalit\u00e4t &amp; Lebensfreude im besten Alter \u25ba Jetzt das Magazin der SCH\u00d6NES LEBEN Gruppe entdecken!\" \/>\n<meta property=\"og:url\" content=\"https:\/\/www.schoenes-leben.org\/magazin\/\" \/>\n<meta property=\"og:site_name\" content=\"hier&amp;jetzt\" \/>\n<meta property=\"article:modified_time\" content=\"2026-04-20T08:48:33+00:00\" \/>\n<meta name=\"twitter:card\" content=\"summary_large_image\" \/>\n<meta name=\"twitter:label1\" content=\"Gesch\u00e4tzte Lesezeit\" \/>\n\t<meta name=\"twitter:data1\" content=\"4\u00a0Minuten\" \/>\n<script type=\"application\/ld+json\" class=\"yoast-schema-graph\">{\"@context\":\"https:\\\/\\\/schema.org\",\"@graph\":[{\"@type\":\"WebPage\",\"@id\":\"https:\\\/\\\/www.schoenes-leben.org\\\/magazin\\\/\",\"url\":\"https:\\\/\\\/www.schoenes-leben.org\\\/magazin\\\/\",\"name\":\"hier & jetzt | Das Magazin f\u00fcr mein SCH\u00d6NES LEBEN\",\"isPartOf\":{\"@id\":\"https:\\\/\\\/www.schoenes-leben.org\\\/magazin\\\/#website\"},\"datePublished\":\"2023-07-03T08:11:56+00:00\",\"dateModified\":\"2026-04-20T08:48:33+00:00\",\"description\":\"Inspiration f\u00fcr Genuss, Vitalit\u00e4t & Lebensfreude im besten Alter \u25ba Jetzt das Magazin der SCH\u00d6NES LEBEN Gruppe entdecken!\",\"breadcrumb\":{\"@id\":\"https:\\\/\\\/www.schoenes-leben.org\\\/magazin\\\/#breadcrumb\"},\"inLanguage\":\"de\",\"potentialAction\":[{\"@type\":\"ReadAction\",\"target\":[\"https:\\\/\\\/www.schoenes-leben.org\\\/magazin\\\/\"]}]},{\"@type\":\"BreadcrumbList\",\"@id\":\"https:\\\/\\\/www.schoenes-leben.org\\\/magazin\\\/#breadcrumb\",\"itemListElement\":[{\"@type\":\"ListItem\",\"position\":1,\"name\":\"Startseite\",\"item\":\"https:\\\/\\\/www.schoenes-leben.org\\\/magazin\\\/\"},{\"@type\":\"ListItem\",\"position\":2,\"name\":\"Sch\u00f6nes Leben Magazin\"}]},{\"@type\":\"WebSite\",\"@id\":\"https:\\\/\\\/www.schoenes-leben.org\\\/magazin\\\/#website\",\"url\":\"https:\\\/\\\/www.schoenes-leben.org\\\/magazin\\\/\",\"name\":\"hier&amp;jetzt\",\"description\":\"Das Magazin der SCH\u00d6NES LEBEN Gruppe\",\"potentialAction\":[{\"@type\":\"SearchAction\",\"target\":{\"@type\":\"EntryPoint\",\"urlTemplate\":\"https:\\\/\\\/www.schoenes-leben.org\\\/magazin\\\/?s={search_term_string}\"},\"query-input\":{\"@type\":\"PropertyValueSpecification\",\"valueRequired\":true,\"valueName\":\"search_term_string\"}}],\"inLanguage\":\"de\"}]}<\/script>\n<!-- \/ Yoast SEO plugin. -->","yoast_head_json":{"title":"hier & jetzt | Das Magazin f\u00fcr mein SCH\u00d6NES LEBEN","description":"Inspiration f\u00fcr Genuss, Vitalit\u00e4t & Lebensfreude im besten Alter \u25ba Jetzt das Magazin der SCH\u00d6NES LEBEN Gruppe entdecken!","robots":{"index":"index","follow":"follow","max-snippet":"max-snippet:-1","max-image-preview":"max-image-preview:large","max-video-preview":"max-video-preview:-1"},"canonical":"https:\/\/www.schoenes-leben.org\/magazin\/","og_locale":"de_DE","og_type":"article","og_title":"hier & jetzt | Das Magazin f\u00fcr mein SCH\u00d6NES LEBEN","og_description":"Inspiration f\u00fcr Genuss, Vitalit\u00e4t & Lebensfreude im besten Alter \u25ba Jetzt das Magazin der SCH\u00d6NES LEBEN Gruppe entdecken!","og_url":"https:\/\/www.schoenes-leben.org\/magazin\/","og_site_name":"hier&amp;jetzt","article_modified_time":"2026-04-20T08:48:33+00:00","twitter_card":"summary_large_image","twitter_misc":{"Gesch\u00e4tzte Lesezeit":"4\u00a0Minuten"},"schema":{"@context":"https:\/\/schema.org","@graph":[{"@type":"WebPage","@id":"https:\/\/www.schoenes-leben.org\/magazin\/","url":"https:\/\/www.schoenes-leben.org\/magazin\/","name":"hier & jetzt | Das Magazin f\u00fcr mein SCH\u00d6NES LEBEN","isPartOf":{"@id":"https:\/\/www.schoenes-leben.org\/magazin\/#website"},"datePublished":"2023-07-03T08:11:56+00:00","dateModified":"2026-04-20T08:48:33+00:00","description":"Inspiration f\u00fcr Genuss, Vitalit\u00e4t & Lebensfreude im besten Alter \u25ba Jetzt das Magazin der SCH\u00d6NES LEBEN Gruppe entdecken!","breadcrumb":{"@id":"https:\/\/www.schoenes-leben.org\/magazin\/#breadcrumb"},"inLanguage":"de","potentialAction":[{"@type":"ReadAction","target":["https:\/\/www.schoenes-leben.org\/magazin\/"]}]},{"@type":"BreadcrumbList","@id":"https:\/\/www.schoenes-leben.org\/magazin\/#breadcrumb","itemListElement":[{"@type":"ListItem","position":1,"name":"Startseite","item":"https:\/\/www.schoenes-leben.org\/magazin\/"},{"@type":"ListItem","position":2,"name":"Sch\u00f6nes Leben Magazin"}]},{"@type":"WebSite","@id":"https:\/\/www.schoenes-leben.org\/magazin\/#website","url":"https:\/\/www.schoenes-leben.org\/magazin\/","name":"hier&amp;jetzt","description":"Das Magazin der SCH\u00d6NES LEBEN Gruppe","potentialAction":[{"@type":"SearchAction","target":{"@type":"EntryPoint","urlTemplate":"https:\/\/www.schoenes-leben.org\/magazin\/?s={search_term_string}"},"query-input":{"@type":"PropertyValueSpecification","valueRequired":true,"valueName":"search_term_string"}}],"inLanguage":"de"}]}},"_links":{"self":[{"href":"https:\/\/www.schoenes-leben.org\/magazin\/wp-json\/wp\/v2\/pages\/10","targetHints":{"allow":["GET"]}}],"collection":[{"href":"https:\/\/www.schoenes-leben.org\/magazin\/wp-json\/wp\/v2\/pages"}],"about":[{"href":"https:\/\/www.schoenes-leben.org\/magazin\/wp-json\/wp\/v2\/types\/page"}],"author":[{"embeddable":true,"href":"https:\/\/www.schoenes-leben.org\/magazin\/wp-json\/wp\/v2\/users\/2"}],"replies":[{"embeddable":true,"href":"https:\/\/www.schoenes-leben.org\/magazin\/wp-json\/wp\/v2\/comments?post=10"}],"version-history":[{"count":133,"href":"https:\/\/www.schoenes-leben.org\/magazin\/wp-json\/wp\/v2\/pages\/10\/revisions"}],"predecessor-version":[{"id":241371,"href":"https:\/\/www.schoenes-leben.org\/magazin\/wp-json\/wp\/v2\/pages\/10\/revisions\/241371"}],"wp:attachment":[{"href":"https:\/\/www.schoenes-leben.org\/magazin\/wp-json\/wp\/v2\/media?parent=10"}],"curies":[{"name":"wp","href":"https:\/\/api.w.org\/{rel}","templated":true}]}}