{"id":238789,"date":"2023-07-18T11:10:27","date_gmt":"2023-07-18T11:10:27","guid":{"rendered":"https:\/\/www.schoenes-leben.org\/magazin\/?page_id=238789"},"modified":"2024-07-25T06:45:11","modified_gmt":"2024-07-25T06:45:11","slug":"newsletter-abonnieren","status":"publish","type":"page","link":"https:\/\/www.schoenes-leben.org\/magazin\/newsletter-abonnieren\/","title":{"rendered":"Newsletter abonnieren"},"content":{"rendered":"<p>[et_pb_section fb_built=&#8220;1&#8243; custom_padding_last_edited=&#8220;on|tablet&#8220; admin_label=&#8220;Post Slider&#8220; _builder_version=&#8220;4.21.0&#8243; _module_preset=&#8220;default&#8220; custom_padding=&#8220;99px||113px||false|false&#8220; custom_padding_tablet=&#8220;0px||||false|false&#8220; custom_padding_phone=&#8220;0px||||false|false&#8220; collapsed=&#8220;on&#8220; global_colors_info=&#8220;{}&#8220;][et_pb_row _builder_version=&#8220;4.21.0&#8243; _module_preset=&#8220;default&#8220; width=&#8220;91%&#8220; max_width=&#8220;1069px&#8220; global_colors_info=&#8220;{}&#8220;][et_pb_column type=&#8220;4_4&#8243; _builder_version=&#8220;4.20.0&#8243; _module_preset=&#8220;default&#8220; global_colors_info=&#8220;{}&#8220;][et_pb_text _builder_version=&#8220;4.21.2&#8243; _module_preset=&#8220;default&#8220; text_font=&#8220;||||||||&#8220; text_text_color=&#8220;#B99764&#8243; text_font_size=&#8220;82px&#8220; text_line_height=&#8220;1.1em&#8220; header_text_color=&#8220;#B99764&#8243; header_font_size=&#8220;100px&#8220; custom_margin=&#8220;||40px||false|false&#8220; custom_margin_tablet=&#8220;||40px||false|false&#8220; custom_margin_phone=&#8220;||-50px||false|false&#8220; custom_margin_last_edited=&#8220;on|phone&#8220; header_font_size_tablet=&#8220;100px&#8220; header_font_size_phone=&#8220;73px&#8220; header_font_size_last_edited=&#8220;on|phone&#8220; global_colors_info=&#8220;{}&#8220;]<\/p>\n<h1 style=\"text-align: center;\">Sind Sie dabei?<\/p>\n<p>[\/et_pb_text][et_pb_text _builder_version=&#8220;4.21.0&#8243; _module_preset=&#8220;default&#8220; text_font=&#8220;Flietext||||||||&#8220; text_text_color=&#8220;#000000&#8243; text_font_size=&#8220;27px&#8220; text_line_height=&#8220;1.3em&#8220; max_width=&#8220;70%&#8220; max_width_tablet=&#8220;44%&#8220; max_width_phone=&#8220;100%&#8220; max_width_last_edited=&#8220;on|phone&#8220; module_alignment=&#8220;center&#8220; custom_margin=&#8220;70px||||false|false&#8220; global_colors_info=&#8220;{}&#8220;]<\/p>\n<p style=\"text-align: center;\">Melden Sie sich f\u00fcr unseren exklusiven Newsletter an, damit Sie \u00fcber neue Beitr\u00e4ge informiert werden. Kein Spam.<\/p>\n<p>[\/et_pb_text][et_pb_code _builder_version=&#8220;4.24.0&#8243; _module_preset=&#8220;default&#8220; module_alignment=&#8220;center&#8220; global_colors_info=&#8220;{}&#8220;]<iframe loading=\"lazy\" src=\"https:\/\/cloud.kontakt.schoenes-leben.org\/magazin_anmelden_iframe\" width=\"100%\" height=\"15%\" name=\"iFrame\" title=\"Das ist mein Video\"><\/iframe> [\/et_pb_code][et_pb_signup provider=&#8220;sendinblue&#8220; sendinblue_list=&#8220;SLGMagNewsletter|48&#8243; first_name_field=&#8220;off&#8220; last_name_field=&#8220;off&#8220; success_message=&#8220;Herzlichen Dank f\u00fcr Ihre Anmeldung. Diese war erfolgreich!&#8220; button_text=&#8220;Anmelden&#8220; _builder_version=&#8220;4.24.0&#8243; _module_preset=&#8220;default&#8220; custom_button=&#8220;on&#8220; button_border_radius=&#8220;0px&#8220; button_font=&#8220;||||||||&#8220; max_width=&#8220;100%&#8220; module_alignment=&#8220;center&#8220; hover_enabled=&#8220;0&#8243; global_colors_info=&#8220;{}&#8220; disabled_on=&#8220;on|on|on&#8220; disabled=&#8220;on&#8220; sticky_enabled=&#8220;0&#8243;][\/et_pb_signup][\/et_pb_column][\/et_pb_row][\/et_pb_section]<\/p>\n","protected":false},"excerpt":{"rendered":"<p>Sind Sie dabei?Melden Sie sich f\u00fcr unseren exklusiven Newsletter an, damit Sie \u00fcber neue Beitr\u00e4ge informiert werden. Kein Spam.<\/p>\n","protected":false},"author":2,"featured_media":0,"parent":0,"menu_order":0,"comment_status":"closed","ping_status":"closed","template":"","meta":{"_et_pb_use_builder":"on","_et_pb_old_content":"<!-- wp:divi\/placeholder \/-->","_et_gb_content_width":"","footnotes":""},"class_list":["post-238789","page","type-page","status-publish","hentry"],"yoast_head":"<!-- This site is optimized with the Yoast SEO plugin v27.5 - https:\/\/yoast.com\/product\/yoast-seo-wordpress\/ -->\n<title>Newsletter abonnieren: Verpassen Sie keine neuen Artikel mehr<\/title>\n<meta name=\"description\" content=\"Abonnieren Sie unseren Newsletter und erhalten Sie regelm\u00e4\u00dfig spannende Updates, exklusive Inhalte und aktuelle Informationen.\" \/>\n<meta name=\"robots\" content=\"index, follow, max-snippet:-1, max-image-preview:large, max-video-preview:-1\" \/>\n<link rel=\"canonical\" href=\"https:\/\/www.schoenes-leben.org\/magazin\/newsletter-abonnieren\/\" \/>\n<meta property=\"og:locale\" content=\"de_DE\" \/>\n<meta property=\"og:type\" content=\"article\" \/>\n<meta property=\"og:title\" content=\"Newsletter abonnieren: Verpassen Sie keine neuen Artikel mehr\" \/>\n<meta property=\"og:description\" content=\"Abonnieren Sie unseren Newsletter und erhalten Sie regelm\u00e4\u00dfig spannende Updates, exklusive Inhalte und aktuelle Informationen.\" \/>\n<meta property=\"og:url\" content=\"https:\/\/www.schoenes-leben.org\/magazin\/newsletter-abonnieren\/\" \/>\n<meta property=\"og:site_name\" content=\"hier&amp;jetzt\" \/>\n<meta property=\"article:modified_time\" content=\"2024-07-25T06:45:11+00:00\" \/>\n<meta name=\"twitter:card\" content=\"summary_large_image\" \/>\n<meta name=\"twitter:label1\" content=\"Gesch\u00e4tzte Lesezeit\" \/>\n\t<meta name=\"twitter:data1\" content=\"1\u00a0Minute\" \/>\n<script type=\"application\/ld+json\" class=\"yoast-schema-graph\">{\"@context\":\"https:\\\/\\\/schema.org\",\"@graph\":[{\"@type\":\"WebPage\",\"@id\":\"https:\\\/\\\/www.schoenes-leben.org\\\/magazin\\\/newsletter-abonnieren\\\/\",\"url\":\"https:\\\/\\\/www.schoenes-leben.org\\\/magazin\\\/newsletter-abonnieren\\\/\",\"name\":\"Newsletter abonnieren: Verpassen Sie keine neuen Artikel mehr\",\"isPartOf\":{\"@id\":\"https:\\\/\\\/www.schoenes-leben.org\\\/magazin\\\/#website\"},\"datePublished\":\"2023-07-18T11:10:27+00:00\",\"dateModified\":\"2024-07-25T06:45:11+00:00\",\"description\":\"Abonnieren Sie unseren Newsletter und erhalten Sie regelm\u00e4\u00dfig spannende Updates, exklusive Inhalte und aktuelle Informationen.\",\"breadcrumb\":{\"@id\":\"https:\\\/\\\/www.schoenes-leben.org\\\/magazin\\\/newsletter-abonnieren\\\/#breadcrumb\"},\"inLanguage\":\"de\",\"potentialAction\":[{\"@type\":\"ReadAction\",\"target\":[\"https:\\\/\\\/www.schoenes-leben.org\\\/magazin\\\/newsletter-abonnieren\\\/\"]}]},{\"@type\":\"BreadcrumbList\",\"@id\":\"https:\\\/\\\/www.schoenes-leben.org\\\/magazin\\\/newsletter-abonnieren\\\/#breadcrumb\",\"itemListElement\":[{\"@type\":\"ListItem\",\"position\":1,\"name\":\"Startseite\",\"item\":\"https:\\\/\\\/www.schoenes-leben.org\\\/magazin\\\/\"},{\"@type\":\"ListItem\",\"position\":2,\"name\":\"Newsletter abonnieren\"}]},{\"@type\":\"WebSite\",\"@id\":\"https:\\\/\\\/www.schoenes-leben.org\\\/magazin\\\/#website\",\"url\":\"https:\\\/\\\/www.schoenes-leben.org\\\/magazin\\\/\",\"name\":\"hier&amp;jetzt\",\"description\":\"Das Magazin der SCH\u00d6NES LEBEN Gruppe\",\"potentialAction\":[{\"@type\":\"SearchAction\",\"target\":{\"@type\":\"EntryPoint\",\"urlTemplate\":\"https:\\\/\\\/www.schoenes-leben.org\\\/magazin\\\/?s={search_term_string}\"},\"query-input\":{\"@type\":\"PropertyValueSpecification\",\"valueRequired\":true,\"valueName\":\"search_term_string\"}}],\"inLanguage\":\"de\"}]}<\/script>\n<!-- \/ Yoast SEO plugin. -->","yoast_head_json":{"title":"Newsletter abonnieren: Verpassen Sie keine neuen Artikel mehr","description":"Abonnieren Sie unseren Newsletter und erhalten Sie regelm\u00e4\u00dfig spannende Updates, exklusive Inhalte und aktuelle Informationen.","robots":{"index":"index","follow":"follow","max-snippet":"max-snippet:-1","max-image-preview":"max-image-preview:large","max-video-preview":"max-video-preview:-1"},"canonical":"https:\/\/www.schoenes-leben.org\/magazin\/newsletter-abonnieren\/","og_locale":"de_DE","og_type":"article","og_title":"Newsletter abonnieren: Verpassen Sie keine neuen Artikel mehr","og_description":"Abonnieren Sie unseren Newsletter und erhalten Sie regelm\u00e4\u00dfig spannende Updates, exklusive Inhalte und aktuelle Informationen.","og_url":"https:\/\/www.schoenes-leben.org\/magazin\/newsletter-abonnieren\/","og_site_name":"hier&amp;jetzt","article_modified_time":"2024-07-25T06:45:11+00:00","twitter_card":"summary_large_image","twitter_misc":{"Gesch\u00e4tzte Lesezeit":"1\u00a0Minute"},"schema":{"@context":"https:\/\/schema.org","@graph":[{"@type":"WebPage","@id":"https:\/\/www.schoenes-leben.org\/magazin\/newsletter-abonnieren\/","url":"https:\/\/www.schoenes-leben.org\/magazin\/newsletter-abonnieren\/","name":"Newsletter abonnieren: Verpassen Sie keine neuen Artikel mehr","isPartOf":{"@id":"https:\/\/www.schoenes-leben.org\/magazin\/#website"},"datePublished":"2023-07-18T11:10:27+00:00","dateModified":"2024-07-25T06:45:11+00:00","description":"Abonnieren Sie unseren Newsletter und erhalten Sie regelm\u00e4\u00dfig spannende Updates, exklusive Inhalte und aktuelle Informationen.","breadcrumb":{"@id":"https:\/\/www.schoenes-leben.org\/magazin\/newsletter-abonnieren\/#breadcrumb"},"inLanguage":"de","potentialAction":[{"@type":"ReadAction","target":["https:\/\/www.schoenes-leben.org\/magazin\/newsletter-abonnieren\/"]}]},{"@type":"BreadcrumbList","@id":"https:\/\/www.schoenes-leben.org\/magazin\/newsletter-abonnieren\/#breadcrumb","itemListElement":[{"@type":"ListItem","position":1,"name":"Startseite","item":"https:\/\/www.schoenes-leben.org\/magazin\/"},{"@type":"ListItem","position":2,"name":"Newsletter abonnieren"}]},{"@type":"WebSite","@id":"https:\/\/www.schoenes-leben.org\/magazin\/#website","url":"https:\/\/www.schoenes-leben.org\/magazin\/","name":"hier&amp;jetzt","description":"Das Magazin der SCH\u00d6NES LEBEN Gruppe","potentialAction":[{"@type":"SearchAction","target":{"@type":"EntryPoint","urlTemplate":"https:\/\/www.schoenes-leben.org\/magazin\/?s={search_term_string}"},"query-input":{"@type":"PropertyValueSpecification","valueRequired":true,"valueName":"search_term_string"}}],"inLanguage":"de"}]}},"_links":{"self":[{"href":"https:\/\/www.schoenes-leben.org\/magazin\/wp-json\/wp\/v2\/pages\/238789","targetHints":{"allow":["GET"]}}],"collection":[{"href":"https:\/\/www.schoenes-leben.org\/magazin\/wp-json\/wp\/v2\/pages"}],"about":[{"href":"https:\/\/www.schoenes-leben.org\/magazin\/wp-json\/wp\/v2\/types\/page"}],"author":[{"embeddable":true,"href":"https:\/\/www.schoenes-leben.org\/magazin\/wp-json\/wp\/v2\/users\/2"}],"replies":[{"embeddable":true,"href":"https:\/\/www.schoenes-leben.org\/magazin\/wp-json\/wp\/v2\/comments?post=238789"}],"version-history":[{"count":14,"href":"https:\/\/www.schoenes-leben.org\/magazin\/wp-json\/wp\/v2\/pages\/238789\/revisions"}],"predecessor-version":[{"id":240190,"href":"https:\/\/www.schoenes-leben.org\/magazin\/wp-json\/wp\/v2\/pages\/238789\/revisions\/240190"}],"wp:attachment":[{"href":"https:\/\/www.schoenes-leben.org\/magazin\/wp-json\/wp\/v2\/media?parent=238789"}],"curies":[{"name":"wp","href":"https:\/\/api.w.org\/{rel}","templated":true}]}}